{"id":239,"date":"2024-12-05T11:27:57","date_gmt":"2024-12-05T10:27:57","guid":{"rendered":"https:\/\/gowithsylva.com\/?page_id=239"},"modified":"2025-10-13T10:59:46","modified_gmt":"2025-10-13T08:59:46","slug":"bio","status":"publish","type":"page","link":"https:\/\/gowithsylva.com\/index.php\/bio\/","title":{"rendered":"Biographie"},"content":{"rendered":"\n<p><\/p>\n\n\n\n<p class=\"has-chalkduster-font-family\">En 2021, nous nous rencontrons pour la premi\u00e8re fois. Nous \u00e9tions encore bien enlis\u00e9s dans cette p\u00e9riode anxiog\u00e8ne de la pand\u00e9mie du Covid. J\u2019avais envie d\u2019ajouter une touche acoustique \u00e0 mon travail, une touche d\u2019espoir. Le quatuor Hyperion et la chanteuse Melody Sivasleian ont r\u00e9pondu pr\u00e9sent \u00e0 mon invitation pour participer \u00e0 une journ\u00e9e de captation. Nous nous retrouvions enfin, pour un moment d\u2019\u00e9change et de partage, si pr\u00e9cieux pour nous.<br><br><\/p>\n\n\n\n<p><\/p>\n\n\n\n<p class=\"has-chalkduster-font-family\">Quelques ann\u00e9es plus tard, en 2024, j\u2019ai propos\u00e9 \u00e0 Pierre-Olivier Fernandez d\u2019arranger pour le quatuor Hyperion les nouvelles compositions.<\/p>\n\n\n\n<div class=\"wp-block-media-text is-stacked-on-mobile\"><figure class=\"wp-block-media-text__media\"><img loading=\"lazy\" decoding=\"async\" width=\"1024\" height=\"768\" src=\"http:\/\/gowithsylva.com\/wp-content\/uploads\/2024\/10\/GoWithSylva-Atelierdupresent--1024x768.jpg\" alt=\"\" class=\"wp-image-20 size-full\" srcset=\"https:\/\/gowithsylva.com\/wp-content\/uploads\/2024\/10\/GoWithSylva-Atelierdupresent--1024x768.jpg 1024w, https:\/\/gowithsylva.com\/wp-content\/uploads\/2024\/10\/GoWithSylva-Atelierdupresent--300x225.jpg 300w, https:\/\/gowithsylva.com\/wp-content\/uploads\/2024\/10\/GoWithSylva-Atelierdupresent--768x576.jpg 768w, https:\/\/gowithsylva.com\/wp-content\/uploads\/2024\/10\/GoWithSylva-Atelierdupresent--1536x1153.jpg 1536w, https:\/\/gowithsylva.com\/wp-content\/uploads\/2024\/10\/GoWithSylva-Atelierdupresent-.jpg 1599w\" sizes=\"auto, (max-width: 1024px) 100vw, 1024px\" \/><\/figure><div class=\"wp-block-media-text__content\">\n<p class=\"has-chalkduster-font-family\">Nous avons fait trois jours de r\u00e9sidence \u00e0 l\u2019Atelier du Pr\u00e9sent \u00e0 Savigny\/M\u00e2lain. Le public \u00e0 l\u2019\u00e9coute, lors de la sortie de r\u00e9sidence, a accueilli notre r\u00e9pertoire avec \u00e9motion et enthousiasme.<\/p>\n\n\n\n<p><\/p>\n\n\n\n<p><\/p>\n<\/div><\/div>\n\n\n\n<div class=\"wp-block-media-text has-media-on-the-right is-stacked-on-mobile\"><div class=\"wp-block-media-text__content\">\n<p class=\"has-chalkduster-font-family\">Nous avons donn\u00e9 notre premier concert au Chauffe Savate, un retour aux sources. C\u2019est le lieu o\u00f9 notre premier morceau avait \u00e9t\u00e9 capt\u00e9 en 2021. L\u00e0 encore, le public accueille chaleureusement ces nouvelles compositions charg\u00e9es de sensations et riches en \u00e9motions.<\/p>\n<\/div><figure class=\"wp-block-media-text__media\"><img loading=\"lazy\" decoding=\"async\" width=\"1024\" height=\"768\" src=\"http:\/\/gowithsylva.com\/wp-content\/uploads\/2024\/12\/b2660326-f8f0-48f7-94a8-0a2a240727af-1024x768.jpg\" alt=\"\" class=\"wp-image-240 size-full\" srcset=\"https:\/\/gowithsylva.com\/wp-content\/uploads\/2024\/12\/b2660326-f8f0-48f7-94a8-0a2a240727af-1024x768.jpg 1024w, https:\/\/gowithsylva.com\/wp-content\/uploads\/2024\/12\/b2660326-f8f0-48f7-94a8-0a2a240727af-300x225.jpg 300w, https:\/\/gowithsylva.com\/wp-content\/uploads\/2024\/12\/b2660326-f8f0-48f7-94a8-0a2a240727af-768x576.jpg 768w, https:\/\/gowithsylva.com\/wp-content\/uploads\/2024\/12\/b2660326-f8f0-48f7-94a8-0a2a240727af.jpg 1152w\" sizes=\"auto, (max-width: 1024px) 100vw, 1024px\" \/><\/figure><\/div>\n\n\n\n<div class=\"wp-block-media-text is-stacked-on-mobile\"><figure class=\"wp-block-media-text__media\"><img loading=\"lazy\" decoding=\"async\" width=\"1024\" height=\"768\" src=\"https:\/\/gowithsylva.com\/wp-content\/uploads\/2024\/12\/IMG_5879-1024x768.jpg\" alt=\"\" class=\"wp-image-242 size-full\" srcset=\"https:\/\/gowithsylva.com\/wp-content\/uploads\/2024\/12\/IMG_5879-1024x768.jpg 1024w, https:\/\/gowithsylva.com\/wp-content\/uploads\/2024\/12\/IMG_5879-300x225.jpg 300w, https:\/\/gowithsylva.com\/wp-content\/uploads\/2024\/12\/IMG_5879-768x576.jpg 768w, https:\/\/gowithsylva.com\/wp-content\/uploads\/2024\/12\/IMG_5879-1536x1152.jpg 1536w, https:\/\/gowithsylva.com\/wp-content\/uploads\/2024\/12\/IMG_5879-2048x1536.jpg 2048w\" sizes=\"auto, (max-width: 1024px) 100vw, 1024px\" \/><\/figure><div class=\"wp-block-media-text__content\">\n<p class=\"has-chalkduster-font-family\">Fin 2024, nous enregistrons un premier titre au studio Triphon avec l\u2019aide de Robin Morry. <a href=\"http:\/\/www.gowithsylva.com\">&#8220;Out of the car&#8221;<\/a><\/p>\n<\/div><\/div>\n\n\n\n<div class=\"wp-block-media-text has-media-on-the-right is-stacked-on-mobile\"><div class=\"wp-block-media-text__content\">\n<p class=\"has-chalkduster-font-family\">Un clip tourn\u00e9 au ch\u00e2teau de M\u00e2lain est en cours de montage et sera bient\u00f4t disponible en ligne.<\/p>\n<\/div><figure class=\"wp-block-media-text__media\"><img loading=\"lazy\" decoding=\"async\" width=\"1024\" height=\"768\" src=\"http:\/\/gowithsylva.com\/wp-content\/uploads\/2024\/10\/IMG_5885-Grande-1024x768.jpeg\" alt=\"\" class=\"wp-image-108 size-full\" srcset=\"https:\/\/gowithsylva.com\/wp-content\/uploads\/2024\/10\/IMG_5885-Grande-1024x768.jpeg 1024w, https:\/\/gowithsylva.com\/wp-content\/uploads\/2024\/10\/IMG_5885-Grande-300x225.jpeg 300w, https:\/\/gowithsylva.com\/wp-content\/uploads\/2024\/10\/IMG_5885-Grande-768x576.jpeg 768w, https:\/\/gowithsylva.com\/wp-content\/uploads\/2024\/10\/IMG_5885-Grande.jpeg 1280w\" sizes=\"auto, (max-width: 1024px) 100vw, 1024px\" \/><\/figure><\/div>\n\n\n\n<p><\/p>\n","protected":false},"excerpt":{"rendered":"<p>En 2021, nous nous rencontrons pour la premi\u00e8re fois. Nous \u00e9tions encore bien enlis\u00e9s dans cette p\u00e9riode anxiog\u00e8ne de la pand\u00e9mie du Covid. J\u2019avais envie d\u2019ajouter une touche acoustique \u00e0 mon travail, une touche d\u2019espoir. Le quatuor Hyperion et la chanteuse Melody Sivasleian ont r\u00e9pondu pr\u00e9sent \u00e0 mon invitation pour participer \u00e0 une journ\u00e9e de [&hellip;]<\/p>\n","protected":false},"author":1,"featured_media":0,"parent":0,"menu_order":2,"comment_status":"closed","ping_status":"closed","template":"","meta":{"footnotes":""},"class_list":["post-239","page","type-page","status-publish","hentry"],"yoast_head":"<!-- This site is optimized with the Yoast SEO plugin v26.1.1 - https:\/\/yoast.com\/wordpress\/plugins\/seo\/ -->\n<title>Biographie - Go With Sylva<\/title>\n<meta name=\"description\" content=\"Biographie du groupe, premier concert ,enregistrement, accueil du public, clip.\" \/>\n<meta name=\"robots\" content=\"index, follow, max-snippet:-1, max-image-preview:large, max-video-preview:-1\" \/>\n<link rel=\"canonical\" href=\"https:\/\/gowithsylva.com\/index.php\/bio\/\" \/>\n<meta property=\"og:locale\" content=\"en_US\" \/>\n<meta property=\"og:type\" content=\"article\" \/>\n<meta property=\"og:title\" content=\"Biographie - Go With Sylva\" \/>\n<meta property=\"og:description\" content=\"Biographie du groupe, premier concert ,enregistrement, accueil du public, clip.\" \/>\n<meta property=\"og:url\" content=\"https:\/\/gowithsylva.com\/index.php\/bio\/\" \/>\n<meta property=\"og:site_name\" content=\"Go With Sylva\" \/>\n<meta property=\"article:publisher\" content=\"https:\/\/www.facebook.com\/profile.php?id=61566042014384\" \/>\n<meta property=\"article:modified_time\" content=\"2025-10-13T08:59:46+00:00\" \/>\n<meta property=\"og:image\" content=\"https:\/\/gowithsylva.com\/wp-content\/uploads\/2024\/10\/GoWithSylva-Atelierdupresent-.jpg\" \/>\n\t<meta property=\"og:image:width\" content=\"1599\" \/>\n\t<meta property=\"og:image:height\" content=\"1200\" \/>\n\t<meta property=\"og:image:type\" content=\"image\/jpeg\" \/>\n<meta name=\"twitter:card\" content=\"summary_large_image\" \/>\n<meta name=\"twitter:label1\" content=\"Est. reading time\" \/>\n\t<meta name=\"twitter:data1\" content=\"2 minutes\" \/>\n<script type=\"application\/ld+json\" class=\"yoast-schema-graph\">{\"@context\":\"https:\/\/schema.org\",\"@graph\":[{\"@type\":\"WebPage\",\"@id\":\"https:\/\/gowithsylva.com\/index.php\/bio\/\",\"url\":\"https:\/\/gowithsylva.com\/index.php\/bio\/\",\"name\":\"Biographie - Go With Sylva\",\"isPartOf\":{\"@id\":\"https:\/\/gowithsylva.com\/#website\"},\"primaryImageOfPage\":{\"@id\":\"https:\/\/gowithsylva.com\/index.php\/bio\/#primaryimage\"},\"image\":{\"@id\":\"https:\/\/gowithsylva.com\/index.php\/bio\/#primaryimage\"},\"thumbnailUrl\":\"http:\/\/gowithsylva.com\/wp-content\/uploads\/2024\/10\/GoWithSylva-Atelierdupresent--1024x768.jpg\",\"datePublished\":\"2024-12-05T10:27:57+00:00\",\"dateModified\":\"2025-10-13T08:59:46+00:00\",\"description\":\"Biographie du groupe, premier concert ,enregistrement, accueil du public, clip.\",\"breadcrumb\":{\"@id\":\"https:\/\/gowithsylva.com\/index.php\/bio\/#breadcrumb\"},\"inLanguage\":\"en-US\",\"potentialAction\":[{\"@type\":\"ReadAction\",\"target\":[\"https:\/\/gowithsylva.com\/index.php\/bio\/\"]}]},{\"@type\":\"ImageObject\",\"inLanguage\":\"en-US\",\"@id\":\"https:\/\/gowithsylva.com\/index.php\/bio\/#primaryimage\",\"url\":\"https:\/\/gowithsylva.com\/wp-content\/uploads\/2024\/10\/GoWithSylva-Atelierdupresent-.jpg\",\"contentUrl\":\"https:\/\/gowithsylva.com\/wp-content\/uploads\/2024\/10\/GoWithSylva-Atelierdupresent-.jpg\",\"width\":1599,\"height\":1200},{\"@type\":\"BreadcrumbList\",\"@id\":\"https:\/\/gowithsylva.com\/index.php\/bio\/#breadcrumb\",\"itemListElement\":[{\"@type\":\"ListItem\",\"position\":1,\"name\":\"Accueil\",\"item\":\"https:\/\/gowithsylva.com\/\"},{\"@type\":\"ListItem\",\"position\":2,\"name\":\"Biographie\"}]},{\"@type\":\"WebSite\",\"@id\":\"https:\/\/gowithsylva.com\/#website\",\"url\":\"https:\/\/gowithsylva.com\/\",\"name\":\"Go With Sylva\",\"description\":\"Epic Music\",\"potentialAction\":[{\"@type\":\"SearchAction\",\"target\":{\"@type\":\"EntryPoint\",\"urlTemplate\":\"https:\/\/gowithsylva.com\/?s={search_term_string}\"},\"query-input\":{\"@type\":\"PropertyValueSpecification\",\"valueRequired\":true,\"valueName\":\"search_term_string\"}}],\"inLanguage\":\"en-US\"}]}<\/script>\n<!-- \/ Yoast SEO plugin. -->","yoast_head_json":{"title":"Biographie - Go With Sylva","description":"Biographie du groupe, premier concert ,enregistrement, accueil du public, clip.","robots":{"index":"index","follow":"follow","max-snippet":"max-snippet:-1","max-image-preview":"max-image-preview:large","max-video-preview":"max-video-preview:-1"},"canonical":"https:\/\/gowithsylva.com\/index.php\/bio\/","og_locale":"en_US","og_type":"article","og_title":"Biographie - Go With Sylva","og_description":"Biographie du groupe, premier concert ,enregistrement, accueil du public, clip.","og_url":"https:\/\/gowithsylva.com\/index.php\/bio\/","og_site_name":"Go With Sylva","article_publisher":"https:\/\/www.facebook.com\/profile.php?id=61566042014384","article_modified_time":"2025-10-13T08:59:46+00:00","og_image":[{"width":1599,"height":1200,"url":"https:\/\/gowithsylva.com\/wp-content\/uploads\/2024\/10\/GoWithSylva-Atelierdupresent-.jpg","type":"image\/jpeg"}],"twitter_card":"summary_large_image","twitter_misc":{"Est. reading time":"2 minutes"},"schema":{"@context":"https:\/\/schema.org","@graph":[{"@type":"WebPage","@id":"https:\/\/gowithsylva.com\/index.php\/bio\/","url":"https:\/\/gowithsylva.com\/index.php\/bio\/","name":"Biographie - Go With Sylva","isPartOf":{"@id":"https:\/\/gowithsylva.com\/#website"},"primaryImageOfPage":{"@id":"https:\/\/gowithsylva.com\/index.php\/bio\/#primaryimage"},"image":{"@id":"https:\/\/gowithsylva.com\/index.php\/bio\/#primaryimage"},"thumbnailUrl":"http:\/\/gowithsylva.com\/wp-content\/uploads\/2024\/10\/GoWithSylva-Atelierdupresent--1024x768.jpg","datePublished":"2024-12-05T10:27:57+00:00","dateModified":"2025-10-13T08:59:46+00:00","description":"Biographie du groupe, premier concert ,enregistrement, accueil du public, clip.","breadcrumb":{"@id":"https:\/\/gowithsylva.com\/index.php\/bio\/#breadcrumb"},"inLanguage":"en-US","potentialAction":[{"@type":"ReadAction","target":["https:\/\/gowithsylva.com\/index.php\/bio\/"]}]},{"@type":"ImageObject","inLanguage":"en-US","@id":"https:\/\/gowithsylva.com\/index.php\/bio\/#primaryimage","url":"https:\/\/gowithsylva.com\/wp-content\/uploads\/2024\/10\/GoWithSylva-Atelierdupresent-.jpg","contentUrl":"https:\/\/gowithsylva.com\/wp-content\/uploads\/2024\/10\/GoWithSylva-Atelierdupresent-.jpg","width":1599,"height":1200},{"@type":"BreadcrumbList","@id":"https:\/\/gowithsylva.com\/index.php\/bio\/#breadcrumb","itemListElement":[{"@type":"ListItem","position":1,"name":"Accueil","item":"https:\/\/gowithsylva.com\/"},{"@type":"ListItem","position":2,"name":"Biographie"}]},{"@type":"WebSite","@id":"https:\/\/gowithsylva.com\/#website","url":"https:\/\/gowithsylva.com\/","name":"Go With Sylva","description":"Epic Music","potentialAction":[{"@type":"SearchAction","target":{"@type":"EntryPoint","urlTemplate":"https:\/\/gowithsylva.com\/?s={search_term_string}"},"query-input":{"@type":"PropertyValueSpecification","valueRequired":true,"valueName":"search_term_string"}}],"inLanguage":"en-US"}]}},"_links":{"self":[{"href":"https:\/\/gowithsylva.com\/index.php\/wp-json\/wp\/v2\/pages\/239","targetHints":{"allow":["GET"]}}],"collection":[{"href":"https:\/\/gowithsylva.com\/index.php\/wp-json\/wp\/v2\/pages"}],"about":[{"href":"https:\/\/gowithsylva.com\/index.php\/wp-json\/wp\/v2\/types\/page"}],"author":[{"embeddable":true,"href":"https:\/\/gowithsylva.com\/index.php\/wp-json\/wp\/v2\/users\/1"}],"replies":[{"embeddable":true,"href":"https:\/\/gowithsylva.com\/index.php\/wp-json\/wp\/v2\/comments?post=239"}],"version-history":[{"count":5,"href":"https:\/\/gowithsylva.com\/index.php\/wp-json\/wp\/v2\/pages\/239\/revisions"}],"predecessor-version":[{"id":337,"href":"https:\/\/gowithsylva.com\/index.php\/wp-json\/wp\/v2\/pages\/239\/revisions\/337"}],"wp:attachment":[{"href":"https:\/\/gowithsylva.com\/index.php\/wp-json\/wp\/v2\/media?parent=239"}],"curies":[{"name":"wp","href":"https:\/\/api.w.org\/{rel}","templated":true}]}}