{"id":148,"date":"2024-11-13T12:38:57","date_gmt":"2024-11-13T11:38:57","guid":{"rendered":"https:\/\/gowithsylva.com\/?page_id=148"},"modified":"2025-10-13T10:59:32","modified_gmt":"2025-10-13T08:59:32","slug":"presentation","status":"publish","type":"page","link":"https:\/\/gowithsylva.com\/index.php\/presentation\/","title":{"rendered":"Pr\u00e9sentation"},"content":{"rendered":"\n<p><\/p>\n\n\n\n<blockquote class=\"wp-block-quote is-layout-flow wp-block-quote-is-layout-flow\">\n<p>&#8220;Les instruments acoustiques en bois sont issus d\u2019une mati\u00e8re qui a pris son temps pour pousser. La musique que vous \u00e9couterez est inspir\u00e9e du tempo de la for\u00eat et de son \u00e9l\u00e9gance. J&#8217;ai, dans ce monde agit\u00e9, cr\u00e9\u00e9 une \u0153uvre qui nous relie aux forces naturelles, puissantes et qui nous redonne le temps d&#8217;en appr\u00e9cier les subtilit\u00e9s.&#8221; S\u00e9bastien MAS<\/p>\n<\/blockquote>\n\n\n\n<p>Les textes, en anglais, parlent de consolation. On suivra les traces de Piers Faccini, de Ben Harper et plus lointaine encore celles de Led Zeppelin avec leur  Rain Song. Un final tout en lumi\u00e8re et libert\u00e9.<\/p>\n\n\n\n<div class=\"wp-block-media-text is-stacked-on-mobile\"><figure class=\"wp-block-media-text__media\"><img loading=\"lazy\" decoding=\"async\" width=\"1024\" height=\"1024\" src=\"http:\/\/gowithsylva.com\/wp-content\/uploads\/2024\/10\/IMG_6350-1-1024x1024.jpg\" alt=\"\" class=\"wp-image-11 size-full\" srcset=\"https:\/\/gowithsylva.com\/wp-content\/uploads\/2024\/10\/IMG_6350-1-1024x1024.jpg 1024w, https:\/\/gowithsylva.com\/wp-content\/uploads\/2024\/10\/IMG_6350-1-300x300.jpg 300w, https:\/\/gowithsylva.com\/wp-content\/uploads\/2024\/10\/IMG_6350-1-150x150.jpg 150w, https:\/\/gowithsylva.com\/wp-content\/uploads\/2024\/10\/IMG_6350-1-768x768.jpg 768w, https:\/\/gowithsylva.com\/wp-content\/uploads\/2024\/10\/IMG_6350-1-1536x1536.jpg 1536w, https:\/\/gowithsylva.com\/wp-content\/uploads\/2024\/10\/IMG_6350-1-2048x2048.jpg 2048w\" sizes=\"auto, (max-width: 1024px) 100vw, 1024px\" \/><\/figure><div class=\"wp-block-media-text__content\">\n<p class=\"has-large-font-size\" style=\"font-style:normal;font-weight:600\">S\u00e9bastien Mas<\/p>\n\n\n\n<p>Auteur Compositeur Guitare Chant<\/p>\n\n\n\n<p>S\u00e9bastien Mas, vous livre une oeuvre subtile et \u00e9l\u00e9gante. Accompagn\u00e9 par le quatuor Hyperion, ces compositions apportent la fra\u00eecheur d\u2019une balade en for\u00eat par une brulante journ\u00e9e d\u2019\u00e9t\u00e9. Vous sortirez de ce concert touch\u00e9, consol\u00e9 et revigor\u00e9. <\/p>\n<\/div><\/div>\n\n\n\n<div class=\"wp-block-media-text has-media-on-the-right is-stacked-on-mobile\"><div class=\"wp-block-media-text__content\">\n<p class=\"has-large-font-size\" style=\"font-style:normal;font-weight:600\">Quatuor Hyperion<\/p>\n\n\n\n<p>Ovni faussement classique d\u00e9barqu\u00e9 sur la plan\u00e8te des musiques actuelles<\/p>\n\n\n\n<p>Hyperion se distingue par sa richesse artistique et son attachement \u00e0 des influences musicales tr\u00e8s diverses. En effet, si le concert de cordes \u00e9voque d\u2019embl\u00e9e un style classique, Hyperion surprend en allant sur un terrain rock, jazz et alternatif. Ainsi, l\u2019h\u00e9ritage des compositeurs classiques demeure bien pr\u00e9sent tout en se m\u00ealant harmonieusement \u00e0 une modernit\u00e9 certaine. Un quatuor atypique ! Le r\u00e9sultat : un son in\u00e9dit, s\u00e9duisant et plein d\u2019\u00e9nergie, \u00e0 la crois\u00e9e des genres.<\/p>\n<\/div><figure class=\"wp-block-media-text__media\"><img loading=\"lazy\" decoding=\"async\" width=\"985\" height=\"1024\" src=\"http:\/\/gowithsylva.com\/wp-content\/uploads\/2024\/11\/Capture-decran-2024-11-19-a-16.11.37-985x1024.png\" alt=\"\" class=\"wp-image-168 size-full\" srcset=\"https:\/\/gowithsylva.com\/wp-content\/uploads\/2024\/11\/Capture-decran-2024-11-19-a-16.11.37-985x1024.png 985w, https:\/\/gowithsylva.com\/wp-content\/uploads\/2024\/11\/Capture-decran-2024-11-19-a-16.11.37-288x300.png 288w, https:\/\/gowithsylva.com\/wp-content\/uploads\/2024\/11\/Capture-decran-2024-11-19-a-16.11.37-768x799.png 768w, https:\/\/gowithsylva.com\/wp-content\/uploads\/2024\/11\/Capture-decran-2024-11-19-a-16.11.37.png 1254w\" sizes=\"auto, (max-width: 985px) 100vw, 985px\" \/><\/figure><\/div>\n\n\n\n<p><\/p>\n","protected":false},"excerpt":{"rendered":"<p>&#8220;Les instruments acoustiques en bois sont issus d\u2019une mati\u00e8re qui a pris son temps pour pousser. La musique que vous \u00e9couterez est inspir\u00e9e du tempo de la for\u00eat et de son \u00e9l\u00e9gance. J&#8217;ai, dans ce monde agit\u00e9, cr\u00e9\u00e9 une \u0153uvre qui nous relie aux forces naturelles, puissantes et qui nous redonne le temps d&#8217;en appr\u00e9cier [&hellip;]<\/p>\n","protected":false},"author":1,"featured_media":0,"parent":0,"menu_order":1,"comment_status":"closed","ping_status":"closed","template":"","meta":{"footnotes":""},"class_list":["post-148","page","type-page","status-publish","hentry"],"yoast_head":"<!-- This site is optimized with the Yoast SEO plugin v26.1.1 - https:\/\/yoast.com\/wordpress\/plugins\/seo\/ -->\n<title>Pr\u00e9sentation - Go With Sylva<\/title>\n<meta name=\"robots\" content=\"index, follow, max-snippet:-1, max-image-preview:large, max-video-preview:-1\" \/>\n<link rel=\"canonical\" href=\"https:\/\/gowithsylva.com\/index.php\/presentation\/\" \/>\n<meta property=\"og:locale\" content=\"en_US\" \/>\n<meta property=\"og:type\" content=\"article\" \/>\n<meta property=\"og:title\" content=\"Pr\u00e9sentation - Go With Sylva\" \/>\n<meta property=\"og:description\" content=\"&#8220;Les instruments acoustiques en bois sont issus d\u2019une mati\u00e8re qui a pris son temps pour pousser. La musique que vous \u00e9couterez est inspir\u00e9e du tempo de la for\u00eat et de son \u00e9l\u00e9gance. J&#8217;ai, dans ce monde agit\u00e9, cr\u00e9\u00e9 une \u0153uvre qui nous relie aux forces naturelles, puissantes et qui nous redonne le temps d&#8217;en appr\u00e9cier [&hellip;]\" \/>\n<meta property=\"og:url\" content=\"https:\/\/gowithsylva.com\/index.php\/presentation\/\" \/>\n<meta property=\"og:site_name\" content=\"Go With Sylva\" \/>\n<meta property=\"article:publisher\" content=\"https:\/\/www.facebook.com\/profile.php?id=61566042014384\" \/>\n<meta property=\"article:modified_time\" content=\"2025-10-13T08:59:32+00:00\" \/>\n<meta property=\"og:image\" content=\"https:\/\/gowithsylva.com\/wp-content\/uploads\/2024\/10\/IMG_6350-1-1024x1024.jpg\" \/>\n\t<meta property=\"og:image:width\" content=\"1024\" \/>\n\t<meta property=\"og:image:height\" content=\"1024\" \/>\n\t<meta property=\"og:image:type\" content=\"image\/jpeg\" \/>\n<meta name=\"twitter:card\" content=\"summary_large_image\" \/>\n<meta name=\"twitter:label1\" content=\"Est. reading time\" \/>\n\t<meta name=\"twitter:data1\" content=\"2 minutes\" \/>\n<script type=\"application\/ld+json\" class=\"yoast-schema-graph\">{\"@context\":\"https:\/\/schema.org\",\"@graph\":[{\"@type\":\"WebPage\",\"@id\":\"https:\/\/gowithsylva.com\/index.php\/presentation\/\",\"url\":\"https:\/\/gowithsylva.com\/index.php\/presentation\/\",\"name\":\"Pr\u00e9sentation - Go With Sylva\",\"isPartOf\":{\"@id\":\"https:\/\/gowithsylva.com\/#website\"},\"primaryImageOfPage\":{\"@id\":\"https:\/\/gowithsylva.com\/index.php\/presentation\/#primaryimage\"},\"image\":{\"@id\":\"https:\/\/gowithsylva.com\/index.php\/presentation\/#primaryimage\"},\"thumbnailUrl\":\"http:\/\/gowithsylva.com\/wp-content\/uploads\/2024\/10\/IMG_6350-1-1024x1024.jpg\",\"datePublished\":\"2024-11-13T11:38:57+00:00\",\"dateModified\":\"2025-10-13T08:59:32+00:00\",\"breadcrumb\":{\"@id\":\"https:\/\/gowithsylva.com\/index.php\/presentation\/#breadcrumb\"},\"inLanguage\":\"en-US\",\"potentialAction\":[{\"@type\":\"ReadAction\",\"target\":[\"https:\/\/gowithsylva.com\/index.php\/presentation\/\"]}]},{\"@type\":\"ImageObject\",\"inLanguage\":\"en-US\",\"@id\":\"https:\/\/gowithsylva.com\/index.php\/presentation\/#primaryimage\",\"url\":\"https:\/\/gowithsylva.com\/wp-content\/uploads\/2024\/10\/IMG_6350-1.jpg\",\"contentUrl\":\"https:\/\/gowithsylva.com\/wp-content\/uploads\/2024\/10\/IMG_6350-1.jpg\",\"width\":2481,\"height\":2481},{\"@type\":\"BreadcrumbList\",\"@id\":\"https:\/\/gowithsylva.com\/index.php\/presentation\/#breadcrumb\",\"itemListElement\":[{\"@type\":\"ListItem\",\"position\":1,\"name\":\"Accueil\",\"item\":\"https:\/\/gowithsylva.com\/\"},{\"@type\":\"ListItem\",\"position\":2,\"name\":\"Pr\u00e9sentation\"}]},{\"@type\":\"WebSite\",\"@id\":\"https:\/\/gowithsylva.com\/#website\",\"url\":\"https:\/\/gowithsylva.com\/\",\"name\":\"Go With Sylva\",\"description\":\"Epic Music\",\"potentialAction\":[{\"@type\":\"SearchAction\",\"target\":{\"@type\":\"EntryPoint\",\"urlTemplate\":\"https:\/\/gowithsylva.com\/?s={search_term_string}\"},\"query-input\":{\"@type\":\"PropertyValueSpecification\",\"valueRequired\":true,\"valueName\":\"search_term_string\"}}],\"inLanguage\":\"en-US\"}]}<\/script>\n<!-- \/ Yoast SEO plugin. -->","yoast_head_json":{"title":"Pr\u00e9sentation - Go With Sylva","robots":{"index":"index","follow":"follow","max-snippet":"max-snippet:-1","max-image-preview":"max-image-preview:large","max-video-preview":"max-video-preview:-1"},"canonical":"https:\/\/gowithsylva.com\/index.php\/presentation\/","og_locale":"en_US","og_type":"article","og_title":"Pr\u00e9sentation - Go With Sylva","og_description":"&#8220;Les instruments acoustiques en bois sont issus d\u2019une mati\u00e8re qui a pris son temps pour pousser. La musique que vous \u00e9couterez est inspir\u00e9e du tempo de la for\u00eat et de son \u00e9l\u00e9gance. J&#8217;ai, dans ce monde agit\u00e9, cr\u00e9\u00e9 une \u0153uvre qui nous relie aux forces naturelles, puissantes et qui nous redonne le temps d&#8217;en appr\u00e9cier [&hellip;]","og_url":"https:\/\/gowithsylva.com\/index.php\/presentation\/","og_site_name":"Go With Sylva","article_publisher":"https:\/\/www.facebook.com\/profile.php?id=61566042014384","article_modified_time":"2025-10-13T08:59:32+00:00","og_image":[{"width":1024,"height":1024,"url":"https:\/\/gowithsylva.com\/wp-content\/uploads\/2024\/10\/IMG_6350-1-1024x1024.jpg","type":"image\/jpeg"}],"twitter_card":"summary_large_image","twitter_misc":{"Est. reading time":"2 minutes"},"schema":{"@context":"https:\/\/schema.org","@graph":[{"@type":"WebPage","@id":"https:\/\/gowithsylva.com\/index.php\/presentation\/","url":"https:\/\/gowithsylva.com\/index.php\/presentation\/","name":"Pr\u00e9sentation - Go With Sylva","isPartOf":{"@id":"https:\/\/gowithsylva.com\/#website"},"primaryImageOfPage":{"@id":"https:\/\/gowithsylva.com\/index.php\/presentation\/#primaryimage"},"image":{"@id":"https:\/\/gowithsylva.com\/index.php\/presentation\/#primaryimage"},"thumbnailUrl":"http:\/\/gowithsylva.com\/wp-content\/uploads\/2024\/10\/IMG_6350-1-1024x1024.jpg","datePublished":"2024-11-13T11:38:57+00:00","dateModified":"2025-10-13T08:59:32+00:00","breadcrumb":{"@id":"https:\/\/gowithsylva.com\/index.php\/presentation\/#breadcrumb"},"inLanguage":"en-US","potentialAction":[{"@type":"ReadAction","target":["https:\/\/gowithsylva.com\/index.php\/presentation\/"]}]},{"@type":"ImageObject","inLanguage":"en-US","@id":"https:\/\/gowithsylva.com\/index.php\/presentation\/#primaryimage","url":"https:\/\/gowithsylva.com\/wp-content\/uploads\/2024\/10\/IMG_6350-1.jpg","contentUrl":"https:\/\/gowithsylva.com\/wp-content\/uploads\/2024\/10\/IMG_6350-1.jpg","width":2481,"height":2481},{"@type":"BreadcrumbList","@id":"https:\/\/gowithsylva.com\/index.php\/presentation\/#breadcrumb","itemListElement":[{"@type":"ListItem","position":1,"name":"Accueil","item":"https:\/\/gowithsylva.com\/"},{"@type":"ListItem","position":2,"name":"Pr\u00e9sentation"}]},{"@type":"WebSite","@id":"https:\/\/gowithsylva.com\/#website","url":"https:\/\/gowithsylva.com\/","name":"Go With Sylva","description":"Epic Music","potentialAction":[{"@type":"SearchAction","target":{"@type":"EntryPoint","urlTemplate":"https:\/\/gowithsylva.com\/?s={search_term_string}"},"query-input":{"@type":"PropertyValueSpecification","valueRequired":true,"valueName":"search_term_string"}}],"inLanguage":"en-US"}]}},"_links":{"self":[{"href":"https:\/\/gowithsylva.com\/index.php\/wp-json\/wp\/v2\/pages\/148","targetHints":{"allow":["GET"]}}],"collection":[{"href":"https:\/\/gowithsylva.com\/index.php\/wp-json\/wp\/v2\/pages"}],"about":[{"href":"https:\/\/gowithsylva.com\/index.php\/wp-json\/wp\/v2\/types\/page"}],"author":[{"embeddable":true,"href":"https:\/\/gowithsylva.com\/index.php\/wp-json\/wp\/v2\/users\/1"}],"replies":[{"embeddable":true,"href":"https:\/\/gowithsylva.com\/index.php\/wp-json\/wp\/v2\/comments?post=148"}],"version-history":[{"count":27,"href":"https:\/\/gowithsylva.com\/index.php\/wp-json\/wp\/v2\/pages\/148\/revisions"}],"predecessor-version":[{"id":339,"href":"https:\/\/gowithsylva.com\/index.php\/wp-json\/wp\/v2\/pages\/148\/revisions\/339"}],"wp:attachment":[{"href":"https:\/\/gowithsylva.com\/index.php\/wp-json\/wp\/v2\/media?parent=148"}],"curies":[{"name":"wp","href":"https:\/\/api.w.org\/{rel}","templated":true}]}}